{"id":275,"date":"2018-05-25T10:15:38","date_gmt":"2018-05-25T10:15:38","guid":{"rendered":"https:\/\/farfalabodas.com\/?page_id=275"},"modified":"2022-12-14T11:42:41","modified_gmt":"2022-12-14T11:42:41","slug":"politica-de-cookies","status":"publish","type":"page","link":"https:\/\/farfalabodas.com\/?page_id=275","title":{"rendered":"Pol\u00edtica de cookies"},"content":{"rendered":"<p class=\"normal Estilo9\"><strong>POLITICA DE COOKIES<\/strong><\/p>\n<p class=\"normal\">En cumplimiento con lo dispuesto en el art\u00edculo 22.2 de la Ley 34\/2002, de 11 de julio, de Servicios de la Sociedad de la Informaci\u00f3n y de Comercio Electr\u00f3nico, este Siitio Web le informa, en esta secci\u00f3n, sobre la pol\u00edtica de recogida y tratamiento de cookies. El Sitio Web <strong>www.farfalabodas.com <\/strong>(en adelante el Sitio web) titularidad de <strong>XABIER ARANA CATANIA<\/strong> (en adelante el Prestador) utiliza cookies para mejorar su experiencia como Usuario mediante el an\u00e1lisis de sus h\u00e1bitos de navegaci\u00f3n. Exponemos aqu\u00ed informaci\u00f3n detallada sobre lo que son las cookies, cu\u00e1les se utilizan es este Sitio Web y como se pueden rechazar o eliminar.<\/p>\n<p class=\"normal\"><strong>1. USO DE COOKIES<\/strong><br \/>\nLas cookies son ficheros que se descargan en su ordenador al acceder a determinadas p\u00e1ginas web. Las cookies permiten a una p\u00e1gina web, entre otras cosas, almacenar y recuperar informaci\u00f3n sobre los h\u00e1bitos de navegaci\u00f3n de un usuario o de su equipo y, dependiendo de la informaci\u00f3n que contengan y de la forma en que utilice su equipo.<\/p>\n<p class=\"normal\">Adem\u00e1s, mejoran su proceso de navegaci\u00f3n, ya que permiten que la p\u00e1gina web ofrezca al usuario informaci\u00f3n que puede ser de su inter\u00e9s en funci\u00f3n del uso que realice, del contenido de la misma.<\/p>\n<p class=\"normal\">En caso de no querer recibir cookies, por favor configure su navegador de Internet, para que las borre del disco duro de su ordenador, las bloquee o le avise en caso de instalaci\u00f3n de las mismas. Sin su expreso consentimiento, mediante la activaci\u00f3n de las cookies en su navegador, el Prestador no enlazar\u00e1 en las cookies los datos memorizados con sus datos personales proporcionados en el momento del registro o la compra. Para continuar sin cambios en la configuraci\u00f3n de las cookies, simplemente contin\u00fae en el Sitio Web.<\/p>\n<p class=\"normal\"><strong>2. TIPOS Y FINALIDAD DE LAS COOKIES<\/strong><br \/>\nLas Cookies, en funci\u00f3n de su permanencia, pueden clasificarse en:<br \/>\n<strong>A) Cookies de sesi\u00f3n <\/strong>: expiran cuando el usuario cierra el navegador.<br \/>\n<strong>B) Cookies persistentes <\/strong>: expiran en funci\u00f3n de cuando se cumpla el objetivo para el que sirven (por ejemplo, para que el usuario se mantenga identificado en el Sitio Web y en los servicios de la misma o bien cuando se borran manualmente).<\/p>\n<p><span class=\"normal\">Las cookies en funci\u00f3n de su objetivo pueden clasificarse de la siguiente forma:<br \/>\n<strong>1. Cookies de rendimiento (t\u00e9cnicas y de personalizaci\u00f3n): <\/strong><br \/>\nEste tipo de cookie recuerda sus preferencias para las herramientas que se encuentran en los servicios, por lo que no tiene que volver a configurar el servicio cada vez que usted visita. A modo de ejemplo, en esta tipolog\u00eda se incluyen: ajustes de volumen de reproductores de v\u00eddeo o sonido y las velocidades de transmisi\u00f3n de v\u00eddeo que sean compatibles con su navegador.<br \/>\n<strong>2. Cookies de geo-localizaci\u00f3n: <\/strong><br \/>\nEstas cookies son utilizadas para averiguar en qu\u00e9 pa\u00eds se encuentra cuando se solicita un servicio. Esta cookie es totalmente an\u00f3nima, y s\u00f3lo se utiliza para ayudar a orientar el contenido a su ubicaci\u00f3n.<br \/>\n<strong>3. Cookies de registro (t\u00e9cnicas y de personalizaci\u00f3n): <\/strong><br \/>\nLas cookies de registro se generan una vez que el usuario se ha registrado o posteriormente ha abierto su sesi\u00f3n, y se utilizan para identificarle en los servicios con los siguientes objetivos:<br \/>\na) Mantener al Usuario identificado de forma que, si cierra un servicio, el navegador o el ordenador y en otro momento u otro d\u00eda vuelve a entrar en dicho servicio, seguir\u00e1 identificado, facilitando as\u00ed su navegaci\u00f3n sin tener que volver a identificarse. Esta funcionalidad se puede suprimir si el usuario pulsa la funcionalidad \u201ccerrar sesi\u00f3n\u201d, de forma que esta cookie se elimina y la pr\u00f3xima vez que entre en el servicio el usuario tendr\u00e1 que iniciar sesi\u00f3n para estar identificado.<br \/>\nb) Comprobar si el usuario est\u00e1 autorizado para acceder a ciertos servicios, por ejemplo, para participar en un concurso.<br \/>\n<strong>4. Cookies de anal\u00edticas: <\/strong><br \/>\nCada vez que un Usuario visita un servicio o informaci\u00f3n de la p\u00e1gina web o una herramienta de un proveedor externo (Google Analytics, Comscore y similares que podr\u00e1n a\u00f1adirse a este listado en caso de que var\u00eden en relaci\u00f3n con los actuales) genera una cookie anal\u00edtica en el ordenador del usuario. Esta cookie que s\u00f3lo se genera en la visita, servir\u00e1 en pr\u00f3ximas visitas a los servicios del Sitio Web para identificar de forma an\u00f3nima al visitante. Los objetivos principales que se persiguen son:<br \/>\na) Permitir la identificaci\u00f3n an\u00f3nima de los usuarios navegantes a trav\u00e9s de la cookie (identifica navegadores y dispositivos, no personas) y por lo tanto la contabilizaci\u00f3n aproximada del n\u00famero de visitantes y su tendencia en el tiempo.<br \/>\nb) Identificar de forma an\u00f3nima los contenidos m\u00e1s visitados y por lo tanto m\u00e1s atractivos para los usuarios.<br \/>\nc) Saber si el usuario que est\u00e1 accediendo es nuevo o repite visita. Importante: Salvo que el usuario decida registrarse en alg\u00fan servicio o contenido del Sitio Web, la cookie nunca ir\u00e1 asociada a ning\u00fan dato de car\u00e1cter personal que pueda identificarle. Dichas cookies s\u00f3lo ser\u00e1n utilizadas con prop\u00f3sitos estad\u00edsticos que ayuden a la optimizaci\u00f3n de la experiencia de los usuarios en la p\u00e1gina web.<br \/>\n<strong>5. Cookies publicitarias propias: <\/strong><br \/>\nSirven para gestionar el titular del Sitio Web si un Usuario ha visitado o no la publicidad que ha incluido. Tambi\u00e9n permiten la gesti\u00f3n de espacios publicitarios en la p\u00e1gina almacenando datos del comportamiento del Usuario en la navegaci\u00f3n para poder ofrecerle anuncios publicitarios.<br \/>\n<strong>6. Cookies publicitarias de terceros: <\/strong><br \/>\nAdem\u00e1s de la publicidad gestionada por el Sitio Web en sus contenidos o servicios, podr\u00e1 ofrecer a sus anunciantes la opci\u00f3n de servir anuncios a trav\u00e9s de terceros (\u201cAdServers\u201d). De este modo, estos terceros pueden almacenar cookies enviadas desde los contenidos de la p\u00e1gina web procedentes de los navegadores de los Usuarios, as\u00ed como acceder a los datos que en ellas se guardan. Las empresas que generan estas cookies tienen sus propias pol\u00edticas de privacidad.<\/span><\/p>\n<p class=\"normal\">Para m\u00e1s informaci\u00f3n puede consultar la Gu\u00eda sobre el uso de las cookies de la Agencia Espa\u00f1ola de Protecci\u00f3n de Datos: <a class=\"normalsin\" href=\"https:\/\/www.agpd.es\/portalwebAGPD\/canaldocumentacion\/publicaciones\/common\/Guias\/Guia_Cookies.pdf\" target=\"_blank\" rel=\"noopener\">https:\/\/www.agpd.es\/portalwebAGPD\/canaldocumentacion\/publicaciones\/common\/Guias\/Guia_Cookies.pdf<\/a><\/p>\n<p class=\"normal\"><strong>3. COOKIES UTILIZADAS EN EL SITIO WEB<\/strong><br \/>\nA continuaci\u00f3n se identifican las cookies que est\u00e1n siendo utilizadas en este Sitio Web as\u00ed como su tipolog\u00eda y funci\u00f3n:<\/p>\n<p class=\"normal\"><strong>A) COOKIES PROPIAS<\/strong><br \/>\nLas cookies propias son aqu\u00e9llas que se env\u00edan al equipo terminal del usuario desde un equipo o dominio gestionado por el propio editor y desde el que se presta el servicio solicitado por el usuario.<\/p>\n<p class=\"normal\"><strong>Cookie Pol\u00edtica De Cookies<\/strong><br \/>\nUsada para informar de la pol\u00edtica de cookie y permitir dar consentimiento.<br \/>\nNombre : Cookie Law Info<br \/>\nPermanencia : temporal<\/p>\n<p class=\"normal\"><strong>B) COOKIES DE TERCEROS<\/strong><br \/>\nLa web del Prestador puede utilizar servicios de terceros que, por cuenta del Prestador, recopilar\u00e1n informaci\u00f3n con fines estad\u00edsticos, de uso del Sitio Web por parte del Usuario y para la prestaci\u00f3n de otros servicios relacionados con la actividad del Sitio Web y otros servicios de Internet.<\/p>\n<p class=\"normal\"><strong>Cookies Google Analitycs. Estad\u00edstica.<\/strong><br \/>\nUsadas para obtener estad\u00edsticas de los usos del Sitio Web.<br \/>\nNombres: _utma _utmb _utmc _utmz _ga _gat<br \/>\nPermanencia : temporal<br \/>\nM\u00e1s informaci\u00f3n : <a class=\"normalsin\" href=\"https:\/\/developers.google.com\/analytics\/devguides\/collection\/analyticsjs\/cookie-usage\" target=\"_blank\" rel=\"noopener\">https:\/\/developers.google.com\/analytics\/devguides\/collection\/analyticsjs\/cookie-usage<\/a><br \/>\n<a class=\"normalsin\" href=\"https:\/\/support.google.com\/analytics\/answer\/2700409?hl=es&amp;topic=2611283\" target=\"_blank\" rel=\"noopener\">https:\/\/support.google.com\/analytics\/answer\/2700409?hl=es&amp;topic=2611283<\/a><\/p>\n<p class=\"normal\"><strong>Cookies Google.<\/strong><br \/>\nInstaladas por Google para el funcionamiento de sus herramientas, como por ejemplo el mapa de ubicaci\u00f3n de Google.<br \/>\nPermanencia : temporal<br \/>\nM\u00e1s informaci\u00f3n : <a class=\"normalsin\" href=\"https:\/\/policies.google.com\/technologies\/types?hl=es\" target=\"_blank\" rel=\"noopener\">https:\/\/policies.google.com\/technologies\/types?hl=es<\/a><br \/>\n<a class=\"normalsin\" href=\"https:\/\/policies.google.com\/privacy\" target=\"_blank\" rel=\"noopener\">https:\/\/policies.google.com\/privacy<\/a><\/p>\n<p><strong>4. CONSENTIMIENTO<\/strong><br \/>\nLas cookies que utiliza nuestro Sitio Web no almacenan dato personal alguno, ni ning\u00fan tipo de informaci\u00f3n que pueda identificarle, salvo que quiera registrarse, de forma voluntaria con el fin de utilizar los servicios que ponemos a su disposici\u00f3n o de recibir informaci\u00f3n sobre promociones y contenidos de su inter\u00e9s.<br \/>\nAl navegar y continuar en nuestro Sitio Web, el Usuario nos indica que est\u00e1 consintiendo el uso de las cookies antes enunciadas, y en las condiciones contenidas en la presente pol\u00edtica de cookies.<br \/>\nSi el Usuario quiere revocar el consentimiento, podr\u00e1 hacerlo configurando su navegador para rechazar las cookies y borrando el historial para eliminar las cookies est\u00e1n instaladas. Le informamos, no obstante, de la posibilidad de que la desactivaci\u00f3n de alguna cookie impida o dificulte la navegaci\u00f3n o la prestaci\u00f3n de los servicios ofrecidos en la p\u00e1gina web.<br \/>\nSi tiene dudas sobre esta pol\u00edtica de cookies, puede contactar en <a class=\"normalsin\" href=\"mailto:farfala.bodas@gmail.com\"><strong>farfala.bodas@gmail.com<\/strong><\/a>.<\/p>\n<p class=\"normal\"><strong>5. C\u00d3MO BLOQUEAR O ELIMINAR LAS COOKIES INSTALADAS<\/strong><br \/>\nEl Usuario puede permitir, bloquear o eliminar las cookies instaladas en su equipo mediante la configuraci\u00f3n de las opciones de su navegador. Puede encontrar informaci\u00f3n sobre c\u00f3mo hacerlo, en relaci\u00f3n con los navegadores m\u00e1s comunes, en los links que se incluyen a continuaci\u00f3n:<\/p>\n<p class=\"normal\"><strong>Mac y PC<\/strong><br \/>\nMicrosoft Internet Explorer o Microsoft Edge : <a class=\"normalsin\" href=\"https:\/\/support.microsoft.com\/es-es\/kb\/278835\" target=\"_blank\" rel=\"noopener\">https:\/\/support.microsoft.com\/es-es\/kb\/278835<\/a><br \/>\n<a class=\"normalsin\" href=\"https:\/\/support.microsoft.com\/es-es\/help\/17442\/windows-internet-explorer-delete-manage-cookies\" target=\"_blank\" rel=\"noopener\">https:\/\/support.microsoft.com\/es-es\/help\/17442\/windows-internet-explorer-delete-manage-cookies<\/a><br \/>\nChrome : <a class=\"normalsin\" href=\"http:\/\/support.google.com\/chrome\/bin\/answer.py?hl=es&amp;answer=95647\" target=\"_blank\" rel=\"noopener\">http:\/\/support.google.com\/chrome\/bin\/answer.py?hl=es&amp;answer=95647<\/a><br \/>\n<a class=\"normalsin\" href=\"https:\/\/support.google.com\/accounts\/answer\/61416?hl=es\" target=\"_blank\" rel=\"noopener\">https:\/\/support.google.com\/accounts\/answer\/61416?hl=es<\/a><br \/>\nFirefox : <a class=\"normalsin\" href=\"https:\/\/support.mozilla.org\/es\/kb\/impedir-que-los-sitios-web-guarden-sus-preferencia\" target=\"_blank\" rel=\"noopener\">https:\/\/support.mozilla.org\/es\/kb\/impedir-que-los-sitios-web-guarden-sus-preferencia<\/a><br \/>\n<a class=\"normalsin\" href=\"https:\/\/support.mozilla.org\/es\/kb\/Borrar%20cookies\" target=\"_blank\" rel=\"noopener\">https:\/\/support.mozilla.org\/es\/kb\/Borrar%20cookies<\/a><br \/>\nSafari : <a class=\"normalsin\" href=\"http:\/\/support.apple.com\/kb\/ph5042\" target=\"_blank\" rel=\"noopener\">http:\/\/support.apple.com\/kb\/ph5042<\/a><br \/>\n<a class=\"normalsin\" href=\"http:\/\/safari.helpmax.net\/es\/privacidad-y-seguridad\/como-gestionar-las-cookies\/\" target=\"_blank\" rel=\"noopener\">http:\/\/safari.helpmax.net\/es\/privacidad-y-seguridad\/como-gestionar-las-cookies\/<\/a><br \/>\nOpera : <a class=\"normalsin\" href=\"http:\/\/help.opera.com\/Linux\/10.60\/es-ES\/cookies.html\" target=\"_blank\" rel=\"noopener\">http:\/\/help.opera.com\/Linux\/10.60\/es-ES\/cookies.html<\/a><\/p>\n<p><span class=\"normal\"><strong>Android<\/strong><br \/>\nFirefox : <a class=\"normalsin\" href=\"https:\/\/support.mozilla.org\/es\/kb\/habilitar-o-deshabilitar-cookies-en-firefox-para-android\" target=\"_blank\" rel=\"noopener\">https:\/\/support.mozilla.org\/es\/kb\/habilitar-o-deshabilitar-cookies-en-firefox-para-android<\/a><br \/>\nChrome : <a class=\"normalsin\" href=\"https:\/\/support.google.com\/chrome\/answer\/95647?co=GENIE.Platform%3DAndroid&amp;hl=es-419&amp;oco=0\" target=\"_blank\" rel=\"noopener\">https:\/\/support.google.com\/chrome\/answer\/95647?co=GENIE.Platform%3DAndroid&amp;hl=es-419&amp;oco=0<\/a><br \/>\nOpera : <a class=\"normalsin\" href=\"http:\/\/help.opera.com\/Linux\/10.60\/es-ES\/cookies.html\" target=\"_blank\" rel=\"noopener\">http:\/\/help.opera.com\/Linux\/10.60\/es-ES\/cookies.html<\/a><\/span><\/p>\n<p class=\"normal\"><strong>IOS<\/strong><br \/>\nFirefox : <a class=\"normalsin\" href=\"https:\/\/support.mozilla.org\/es\/kb\/limpia-historial-de-navegacion-web-en-firefox-para-ios\" target=\"_blank\" rel=\"noopener\">https:\/\/support.mozilla.org\/es\/kb\/limpia-historial-de-navegacion-web-en-firefox-para-ios<\/a><br \/>\nChrome : <a class=\"normalsin\" href=\"https:\/\/support.google.com\/chrome\/answer\/95647?co=GENIE.Platform%3DiOS&amp;hl=es-419&amp;oco=0\" target=\"_blank\" rel=\"noopener\">https:\/\/support.google.com\/chrome\/answer\/95647?co=GENIE.Platform%3DiOS&amp;hl=es-419&amp;oco=0<\/a><br \/>\nOpera : <a class=\"normalsin\" href=\"http:\/\/help.opera.com\/Windows\/11.50\/es-ES\/cookies.html\" target=\"_blank\" rel=\"noopener\">http:\/\/help.opera.com\/Windows\/11.50\/es-ES\/cookies.html<\/a><br \/>\nSafari : <a class=\"normalsin\" href=\"https:\/\/support.apple.com\/es-es\/HT201265\" target=\"_blank\" rel=\"noopener\">https:\/\/support.apple.com\/es-es\/HT201265<\/a><\/p>\n<p class=\"normal\">Adem\u00e1s, tambi\u00e9n puede gestionar el almac\u00e9n de cookies en su navegador a trav\u00e9s de herramientas como las siguientes:<br \/>\nGhostery : <a class=\"normalsin\" href=\"https:\/\/www.ghostery.com\/\" target=\"_blank\" rel=\"noopener\">https:\/\/www.ghostery.com\/<\/a><br \/>\nAdblock : <a class=\"normalsin\" href=\"https:\/\/adblockplus.org\/\" target=\"_blank\" rel=\"noopener\">https:\/\/adblockplus.org\/<\/a><br \/>\nYour online choices : <a class=\"normalsin\" href=\"http:\/\/www.youronlinechoices.com\/es\/\" target=\"_blank\" rel=\"noopener\">http:\/\/www.youronlinechoices.com\/es\/<\/a><br \/>\nCookies.org : <a class=\"normalsin\" href=\"http:\/\/www.allaboutcookies.org\/\" target=\"_blank\" rel=\"noopener\">http:\/\/www.allaboutcookies.org\/<\/a><\/p>\n<p class=\"normal\"><strong>6. MODIFICACIONES<\/strong><br \/>\nEl Prestador de este Sitio Web puede modificar esta pol\u00edtica de cookies en funci\u00f3n de exigencias legales, o con la finalidad de adaptar dicha pol\u00edtica a las instrucciones dictadas por la Agencia Espa\u00f1ola de Protecci\u00f3n de Datos. Por esta raz\u00f3n, aconsejamos a los usuarios que la visiten peri\u00f3dicamente.<\/p>\n","protected":false},"excerpt":{"rendered":"<p>POLITICA DE COOKIES En cumplimiento con lo dispuesto en el art\u00edculo 22.2 de la Ley 34\/2002, de 11 de julio, de Servicios de la Sociedad de la Informaci\u00f3n y de Comercio Electr\u00f3nico, este Siitio Web le informa, en esta secci\u00f3n, sobre la pol\u00edtica de recogida y tratamiento de cookies. El Sitio Web www.farfalabodas.com (en adelante [&hellip;]<\/p>\n","protected":false},"author":1,"featured_media":0,"parent":0,"menu_order":0,"comment_status":"closed","ping_status":"closed","template":"","meta":[],"_links":{"self":[{"href":"https:\/\/farfalabodas.com\/index.php?rest_route=\/wp\/v2\/pages\/275"}],"collection":[{"href":"https:\/\/farfalabodas.com\/index.php?rest_route=\/wp\/v2\/pages"}],"about":[{"href":"https:\/\/farfalabodas.com\/index.php?rest_route=\/wp\/v2\/types\/page"}],"author":[{"embeddable":true,"href":"https:\/\/farfalabodas.com\/index.php?rest_route=\/wp\/v2\/users\/1"}],"replies":[{"embeddable":true,"href":"https:\/\/farfalabodas.com\/index.php?rest_route=%2Fwp%2Fv2%2Fcomments&post=275"}],"version-history":[{"count":2,"href":"https:\/\/farfalabodas.com\/index.php?rest_route=\/wp\/v2\/pages\/275\/revisions"}],"predecessor-version":[{"id":288,"href":"https:\/\/farfalabodas.com\/index.php?rest_route=\/wp\/v2\/pages\/275\/revisions\/288"}],"wp:attachment":[{"href":"https:\/\/farfalabodas.com\/index.php?rest_route=%2Fwp%2Fv2%2Fmedia&parent=275"}],"curies":[{"name":"wp","href":"https:\/\/api.w.org\/{rel}","templated":true}]}}