{"id":277,"date":"2018-05-25T10:21:06","date_gmt":"2018-05-25T10:21:06","guid":{"rendered":"https:\/\/farfalabodas.com\/?page_id=277"},"modified":"2022-12-14T11:44:21","modified_gmt":"2022-12-14T11:44:21","slug":"politica-de-privacidad","status":"publish","type":"page","link":"https:\/\/farfalabodas.com\/?page_id=277","title":{"rendered":"Pol\u00edtica de privacidad"},"content":{"rendered":"<p class=\"normal\"><span class=\"normal Estilo9\"><strong>POL\u00cdTICA DE PRIVACIDAD<\/strong><\/span><\/p>\n<p class=\"normal\">El Sitio Web <strong>www.farfalabodas.com<\/strong> (en adelante el Sitio web) titularidad de <strong>XABIER ARANA CATANIA\u00a0 <\/strong>(en adelante el Prestador) con objeto de proteger los derechos individuales, sobre todo en relaci\u00f3n con los tratamiento automatizados y con voluntad de ser transparentes con el Usuario, ha establecido una pol\u00edtica que recoge el conjunto de dichos tratamientos, los fines perseguidos por estos \u00faltimos, la legitimidad de los mismos y tambi\u00e9n los instrumentos a disposici\u00f3n del Usuario para que pueda ejercer sus derechos.<\/p>\n<p class=\"normal\">En este sentido, el Prestador garantiza el cumplimiento de la normativa vigente en materia de protecci\u00f3n de datos personales, reflejada en la Ley Org\u00e1nica 15\/1999 de 13 de diciembre, de Protecci\u00f3n de Datos de Car\u00e1cter Personal y en el Real Decreto 1720\/2007, de 21 diciembre, por el que se aprueba el Reglamento de Desarrollo de la LOPD, y tambi\u00e9n de conformidad con lo dispuesto en el Reglamento Europeo de Protecci\u00f3n de datos(UE) 2016\/679 (RGPD).<\/p>\n<p class=\"normal\"><strong>IDENTIFICACI\u00d3N DEL RESPONSABLE DEL FICHERO Y PRESTADOR DE SERVICIO DE LA WEB.<\/strong><\/p>\n<p class=\"normal\">Nombre : XABIER ARANA CATANIA<br \/>\nNIF : 50861448 F<br \/>\nDirecci\u00f3n : AVENIDA CIUDAD DE BARCELONA 152, 3\u00ba-1\u00aa. 28007 MADRID<br \/>\nTlf : +34 658 455 332<br \/>\nCorreo electr\u00f3nico : farfala.bodas@gmail.com<\/p>\n<p class=\"normal\">El Usuario que facilite datos personales a trav\u00e9s de este Sitio Web queda informado de que se registrar\u00e1n en el fichero de cliente del Prestador y en el fichero elaborado con los datos personales registrado en la AEPD (Agencia Espa\u00f1ola de Protecci\u00f3n de datos) u \u00f3rgano competente de las respectiva Comunidad Aut\u00f3noma. El nombre del fichero es el siguiente: \u201cNombre del fichero registrado\u201d donde guardas los datos personales.<br \/>\nPara una mayor informaci\u00f3n complementaria sobre la protecci\u00f3n de datos personales te invitamos a consultar la p\u00e1gina web de la AEPD <a class=\"normalsin\" href=\"https:\/\/www.agpd.es\/\" target=\"_blank\" rel=\"noopener\">https:\/\/www.agpd.es\/<\/a><\/p>\n<p class=\"normal\"><strong>ACTUALIZACI\u00d3N DE LA POL\u00cdTICA DE PRIVACIDAD<br \/>\n<\/strong>El Prestador modificar\u00e1, sin previo aviso, la presente pol\u00edtica de privacidad siempre que sea necesario para adecuar la misma a cualquier cambio legislativo, reglamentario, jurisprudencial, administrativo o con la finalidad de adaptar dicha pol\u00edtica a las instrucciones dictadas por la Agencia de Protecci\u00f3n de Datos u objeto leg\u00edtimo del Prestador. Cualquier modificaci\u00f3n de esta pol\u00edtica no obstante lo anterior, ser\u00e1 publicada y advertida en el Sitio Web del Prestador y en la pol\u00edtica misma. Por todo lo anterior, el Prestador recomienda a los Usuarios la lectura peri\u00f3dica de estas pol\u00edticas con el fin de poder conocer los cambios que en las mismas se realicen.<\/p>\n<p class=\"normal\">La versi\u00f3n actualizada de esta Pol\u00edtica de privacidad es la \u00fanica aplicable durante la duraci\u00f3n del uso del Sitio Web hasta que no haya otra versi\u00f3n que la sustituya.<\/p>\n<p class=\"normal\"><strong>RECOGIDA DE DATOS<\/strong><br \/>\nEl Prestador no solicita en su Sitio Web datos a los Usuarios que la visiten, por lo tanto, la comunicaci\u00f3n de datos personales por el Usuario al Prestador a trav\u00e9s de su Sitio Web \u00fanicamente tendr\u00e1 lugar cuando \u00e9ste voluntariamente contacte o utilice el servicio de formulario de contacto con el Prestador, dado que en estos casos el tratamiento de los datos es inevitable e impl\u00edcito al sistema de contacto.<\/p>\n<p class=\"normal\"><strong>CONSENTIMIENTO<br \/>\n<\/strong>El Prestador informa que en esta Pol\u00edtica de privacidad se contienen todos los aspectos relacionados con el tratamiento de datos personales que el Prestador lleva a cabo como responsable del mismo. As\u00ed, se informa que cuando el Usuario no mantenga relaciones comerciales con el Prestador y realice el env\u00edo de un correo electr\u00f3nico o una comunicaci\u00f3n al Prestador indicando otros datos personales, dicho Usuario estar\u00e1 dando su consentimiento libre, inequ\u00edvoco, espec\u00edfico, informado y expreso para el tratamiento de sus datos personales por el Prestador con las finalidades establecidas anteriormente.<\/p>\n<p class=\"normal\">A los mismos efectos, el Prestador informa de que, si el Usuario env\u00eda un correo electr\u00f3nico o comunica al Prestador sus datos personales en raz\u00f3n del cargo que ocupa en una empresa (ya sea como administrador, gerente, representante y\/o cualquier otro cargo como persona de contacto en la empresa), se entender\u00e1 que tal comunicaci\u00f3n conlleva la prestaci\u00f3n de su consentimiento libre, inequ\u00edvoco, espec\u00edfico, informado y expreso para el tratamiento de sus datos personales por el Prestador, con las finalidades establecidas anteriormente.<\/p>\n<p class=\"normal\"><strong>\u00bfCON QU\u00c9 FINALIDAD TRATAMOS SUS DATOS PERSONALES?<\/strong><br \/>\nLa finalidad del tratamiento de los datos personales que se puedan recoger son usarlos principalmente por el Prestador para:<br \/>\n&#8211; la gesti\u00f3n de su relaci\u00f3n con el Usuario<br \/>\n&#8211; la atenci\u00f3n y tratamiento de sus comunicaciones, solicitudes, peticiones o pedidos.<br \/>\n&#8211; la mejora su experiencia de usuario<br \/>\n&#8211; la inclusi\u00f3n en la agenda de contactos<br \/>\n&#8211; la informaci\u00f3n sobre actividades, productos y servicios de acuerdo con sus intereses<br \/>\n&#8211; el env\u00edo de la newsletter del Sitio Web<\/p>\n<p class=\"normal\"><strong>CONSERVACI\u00d3N DE LOS DATOS<\/strong><br \/>\nLos datos proporcionados se conservar\u00e1n mientras se mantenga la relaci\u00f3n comercial, siempre que no nos solicite por el interesado su supresi\u00f3n, o durante los a\u00f1os necesarios para cumplir las obligaciones legales.<\/p>\n<p class=\"normal\"><strong>\u00bfCU\u00c1L ES LA LEGITIMACI\u00d3N PARA EL TRATAMIENTO DE SUS DATOS?<br \/>\n<\/strong>La base legal para el tratamiento de su datos personales es:<br \/>\n&#8211; La correcta ejecuci\u00f3n o cumplimiento del contrato<br \/>\n&#8211; El inter\u00e9s leg\u00edtimo del Prestador<br \/>\n&#8211; El consentimiento del Usuario o cliente para el tratamiento de sus datos<\/p>\n<p class=\"normal\"><strong>\u00bfA QU\u00c9 DESTINATARIOS SE COMUNICAR\u00c1N LOS DATOS?<br \/>\n<\/strong>El Prestador informa a los usuarios de que sus datos personales no ser\u00e1n cedidos a terceras personas o organizaciones, con la salvedad de que dicha cesi\u00f3n de datos este amparada en una obligaci\u00f3n legal o cuando la prestaci\u00f3n de un servicio implique la necesidad de una relaci\u00f3n contractual con un encargado de tratamiento. En este \u00faltimo caso, solo se llevar\u00e1 a cabo la cesi\u00f3n de datos al tercero cuando el Prestador disponga del consentimiento expreso del Usuario.<\/p>\n<p class=\"normal\">El Prestador \u00fanicamente tiene prevista la realizaci\u00f3n de cesiones o comunicaciones de datos que en raz\u00f3n del art\u00edculo 11.2.c. de la Ley Org\u00e1nica 15\/99 de protecci\u00f3n de datos de car\u00e1cter personal (en adelante LOPD) deba realizar para atender sus obligaciones con las Administraciones P\u00fablicas en los casos que as\u00ed se requiera de acuerdo con la Legislaci\u00f3n vigente en cada materia en cada momento y en su caso igualmente, a otros \u00f3rganos como Jueces, Ministerio Fiscal, Tribunales, Tribunal de Cuentas o Defensor del Pueblo.<\/p>\n<p class=\"normal\">Igualmente el Prestador pone en conocimiento del Usuario, que cualquier otra cesi\u00f3n de datos que deba realizar, ser\u00e1 puesta en su conocimiento cuando as\u00ed lo prevea la LOPD, inform\u00e1ndole de modo expreso, preciso e inequ\u00edvoco de los destinatarios de la informaci\u00f3n, de la finalidad a que se destinar\u00e1n los datos, y de la naturaleza de los datos cedidos, o en su caso, cuando la LOPD lo establezca, previamente se solicitar\u00e1 el consentimiento inequ\u00edvoco espec\u00edfico e informado al Usuario.<\/p>\n<p class=\"normal\">No obstante, el Prestador informa al Usuario y al cliente que cualquier tratamiento de datos personales, se sujeta a la legislaci\u00f3n vigente en Espa\u00f1a en materia de protecci\u00f3n de datos, establecida por la LOPD y su normativa complementaria y de desarrollo. En este sentido, el Prestador s\u00f3lo es responsable y garantiza la confidencialidad de los datos de car\u00e1cter personal que solicite al Usuario a trav\u00e9s su Sitio Web, no teniendo ning\u00fan tipo de responsabilidad respecto de los tratamientos y posteriores utilizaciones de los datos personales que pudieran efectuarse por terceros prestadores de servicios de la sociedad de la informaci\u00f3n que pudiesen acceder a tales datos en raz\u00f3n de la prestaci\u00f3n de sus servicios o ejercicio de su actividad.<\/p>\n<p class=\"normal\">Por terceros prestadores de servicios de la sociedad de la informaci\u00f3n se entender\u00e1n -sin car\u00e1cter limitativo- aquellas personas f\u00edsicas o jur\u00eddicas que presten los siguientes servicios:<br \/>\na) Transmisi\u00f3n por una red de comunicaci\u00f3n de datos facilitados por los destinatarios del servicio.<br \/>\nb) Servicios de acceso a la citada red.<br \/>\nc) Servicios de almacenamiento o alojamiento de datos.<br \/>\nd) Suministro de contenidos o informaci\u00f3n.<br \/>\nAsimismo, el Prestador no se hace responsable de los tratamientos de datos que lleven a cabo los terceros que establezcan hiperenlaces con el Prestador ni de aquellos responsables a quienes a trav\u00e9s de hiperenlaces del Prestador remite a sus visitantes.<\/p>\n<p class=\"normal\"><strong>DERECHOS DEL USUARIO<br \/>\n<\/strong>Se informa al Usuario de la posibilidad de ejercer sus derechos de acceso, rectificaci\u00f3n, cancelaci\u00f3n, retirada de consentimiento y oposici\u00f3n. Tambi\u00e9n cada persona dispone del derecho de limitaci\u00f3n del tratamiento relativo a su persona, de un derecho de eliminaci\u00f3n de transferencia de datos personales transmitidos al responsable del tratamiento y del derecho a la portabilidad de sus datos.<\/p>\n<p class=\"normal\">Para hacer uso del ejercicio de estos derechos, el Usuario deber\u00e1 dirigirse mediante comunicaci\u00f3n escrita al e-mail farfala.bodas@gmail.com, aportando documentaci\u00f3n que acredite su identidad (DNI o pasaporte). Tambi\u00e9n puede escribir al la direcci\u00f3n postal siguiente: XABIER ARANA CATANIA, AVENIDA CIUDAD DE BARCELONA 152, 3\u00ba-1\u00aa. 28007 MADRID. Dicha comunicaci\u00f3n deber\u00e1 reflejar la siguiente informaci\u00f3n: Nombre y apellidos del Usuario, la petici\u00f3n de solicitud, el domicilio y los datos acreditativos.<\/p>\n<p class=\"normal\">El ejercicio de derechos deber\u00e1 ser realizado por el propio Usuario. No obstante, podr\u00e1n ser ejecutados por una persona autorizada como representante legal del autorizado. En tal caso, se deber\u00e1 aportar la documentaci\u00f3n que acredite esta representaci\u00f3n del interesado.<\/p>\n<p class=\"normal\">Estos derechos ser\u00e1n atendidos, en el plazo de 1 mes, que podr\u00e1 ampliarse a 2 meses si la complejidad de la solicitud o el n\u00famero de solicitudes recibidas as\u00ed lo exige. Todo ello sin perjuicio del deber de conservar ciertos datos en los t\u00e9rminos legales y hasta que prescriban las eventuales responsabilidades derivadas de un posible tratamiento, o, en su caso, de una relaci\u00f3n contractual.<\/p>\n<p class=\"normal\">El Usuario tiene la posibilidad de presentar una reclamaci\u00f3n ante la AEPD (Agencia Espa\u00f1ola de Protecci\u00f3n de Datos &#8211; <a class=\"normalsin\" href=\"http:\/\/www.agpd.es\" target=\"_blank\" rel=\"noopener\">http:\/\/www.agpd.es<\/a>) u organismo competente de la respectiva Comunidad Aut\u00f3noma, cuando no haya obtenido una soluci\u00f3n satisfactoria en el ejercicio de sus derechos mediante un escrito dirigido a la misma.<\/p>\n<p class=\"normal\"><strong>CALIDAD DE LOS DATOS<\/strong><br \/>\nEl Prestador advierte al Usuario de que, salvo la existencia de una representaci\u00f3n legalmente constituida, ning\u00fan usuario puede utilizar la identidad de otra persona y comunicar sus datos personales, por lo que el Usuario en todo momento deber\u00e1 tener en cuenta que, solo puede incluir datos personales correspondientes a su propia identidad y que sean adecuados, pertinentes, actuales, exactos y verdaderos. A tales efectos, el Usuario ser\u00e1 el \u00fanico responsable frente a cualquier da\u00f1o, directo y\/o indirecto que cause a terceros o al Prestador por el uso de datos personales de otra persona, o sus propios datos personales cuando sean falsos, err\u00f3neos, no actuales, inadecuados o impertinentes.<\/p>\n<p class=\"normal\">El Usuario es responsable de que la informaci\u00f3n que proporcione a trav\u00e9s de este Sitio Web sea cierta, respondiendo de la veracidad de todos los datos que comunique y mantendr\u00e1 actualizada la misma para que respondan a una situaci\u00f3n real, siendo responsable de informaciones falsas o inexactas que proporcione y de los da\u00f1os, molestias y problemas que pudieran causar al Prestador o a terceros.<\/p>\n<p class=\"normal\"><strong>MEDIDAS DE SEGURIDAD<\/strong><br \/>\nEl Prestador informa al Usuario que, de conformidad con lo dispuesto en la LOPD y el Reglamento de Medidas de Seguridad, ha adoptado las medidas de \u00edndole t\u00e9cnica y organizativas necesarias para garantizar la seguridad de los datos de car\u00e1cter personal y evitar la alteraci\u00f3n, p\u00e9rdida, tratamiento o<\/p>\n<p class=\"normal\">acceso no autorizado, habida cuenta del estado de la tecnolog\u00eda, la naturaleza de los datos almacenados y los riesgos a que est\u00e1n expuestos. Igualmente el prestador garantiza al usuario el cumplimiento del deber de secreto profesional respecto de los datos personales de los usuarios y del deber de guardarlos.<\/p>\n<p class=\"normal\">No obstante, el Usuario debe tener en cuenta que la seguridad de los sistemas inform\u00e1ticos nunca es absoluta. Cuando se facilitan datos personales por internet, dicha informaci\u00f3n pudiera ser recogida sin su consentimiento y tratada por terceros no autorizados. El Prestador declina, cualquier tipo de responsabilidad sobre las consecuencias de dichos actos pudieran tener para el Usuario, si public\u00f3 la informaci\u00f3n voluntariamente.<\/p>\n<p class=\"normal\"><strong>LEY APLICABLE Y JURISDICCI\u00d3N<\/strong><br \/>\nPara la resoluci\u00f3n de todas las controversias o cuestiones relacionadas con el presente sitio web o de las actividades en \u00e9l desarrolladas, ser\u00e1 de aplicaci\u00f3n la legislaci\u00f3n espa\u00f1ola, a la que se someten expresamente las partes, siendo competentes para la resoluci\u00f3n de todos los conflictos derivados o relacionados con su uso los Juzgados y Tribunales espa\u00f1oles.<\/p>\n","protected":false},"excerpt":{"rendered":"<p>POL\u00cdTICA DE PRIVACIDAD El Sitio Web www.farfalabodas.com (en adelante el Sitio web) titularidad de XABIER ARANA CATANIA\u00a0 (en adelante el Prestador) con objeto de proteger los derechos individuales, sobre todo en relaci\u00f3n con los tratamiento automatizados y con voluntad de ser transparentes con el Usuario, ha establecido una pol\u00edtica que recoge el conjunto de dichos [&hellip;]<\/p>\n","protected":false},"author":1,"featured_media":0,"parent":0,"menu_order":0,"comment_status":"closed","ping_status":"closed","template":"","meta":[],"_links":{"self":[{"href":"https:\/\/farfalabodas.com\/index.php?rest_route=\/wp\/v2\/pages\/277"}],"collection":[{"href":"https:\/\/farfalabodas.com\/index.php?rest_route=\/wp\/v2\/pages"}],"about":[{"href":"https:\/\/farfalabodas.com\/index.php?rest_route=\/wp\/v2\/types\/page"}],"author":[{"embeddable":true,"href":"https:\/\/farfalabodas.com\/index.php?rest_route=\/wp\/v2\/users\/1"}],"replies":[{"embeddable":true,"href":"https:\/\/farfalabodas.com\/index.php?rest_route=%2Fwp%2Fv2%2Fcomments&post=277"}],"version-history":[{"count":3,"href":"https:\/\/farfalabodas.com\/index.php?rest_route=\/wp\/v2\/pages\/277\/revisions"}],"predecessor-version":[{"id":290,"href":"https:\/\/farfalabodas.com\/index.php?rest_route=\/wp\/v2\/pages\/277\/revisions\/290"}],"wp:attachment":[{"href":"https:\/\/farfalabodas.com\/index.php?rest_route=%2Fwp%2Fv2%2Fmedia&parent=277"}],"curies":[{"name":"wp","href":"https:\/\/api.w.org\/{rel}","templated":true}]}}